{"id":10227,"date":"2025-11-15T04:44:26","date_gmt":"2025-11-15T09:44:26","guid":{"rendered":"http:\/\/reseauunderground.com\/?page_id=10227"},"modified":"2025-12-30T05:49:11","modified_gmt":"2025-12-30T10:49:11","slug":"rdv-metis","status":"publish","type":"page","link":"https:\/\/reseauunderground.com\/en\/rdv-metis\/","title":{"rendered":"Appointment with M\u00e9tis Wallace"},"content":{"rendered":"<div style=\"height:20px\" aria-hidden=\"true\" class=\"wp-block-spacer\"><\/div>\n\n\n\n<p class=\"has-text-align-center\">Book your official interview with <strong>Metis<\/strong> <strong>Wallace<\/strong>, journalist of <strong>Magazine Hip-Hop<\/strong>.<\/p>\n\n\n\n<p class=\"has-text-align-center\">This exchange is used to present your background, talk about your music and prepare a complete article that can be published on our platform.<\/p>\n\n\n\n<p class=\"has-text-align-center\">All you have to do is select the time slot that suits you from our availability. This step officially confirms your interview, which will be used to produce your article.<\/p>\n\n\n\n<p class=\"has-text-align-center\">Make sure you have your info, links and news ready before the meeting.<\/p>\n\n\nCalendar event not found\n\n\n\n<div style=\"height:50px\" aria-hidden=\"true\" class=\"wp-block-spacer\"><\/div>","protected":false},"excerpt":{"rendered":"<p>R\u00e9servez votre entrevue officielle avec M\u00e9tis Wallace, journaliste de Magazine Hip-Hop. Cet \u00e9change sert \u00e0 pr\u00e9senter votre parcours, parler de votre musique et pr\u00e9parer un article complet qui pourra \u00eatre publi\u00e9 sur notre plateforme. Il ne vous reste plus qu\u2019\u00e0 s\u00e9lectionner la plage horaire qui vous convient parmi nos disponibilit\u00e9s. Cette \u00e9tape confirme officiellement votre [&hellip;]<\/p>\n","protected":false},"author":1,"featured_media":0,"parent":0,"menu_order":0,"comment_status":"closed","ping_status":"closed","template":"page-fullwidth.php","meta":{"_acf_changed":false,"footnotes":""},"class_list":["post-10227","page","type-page","status-publish","hentry"],"acf":[],"_links":{"self":[{"href":"https:\/\/reseauunderground.com\/en\/wp-json\/wp\/v2\/pages\/10227","targetHints":{"allow":["GET"]}}],"collection":[{"href":"https:\/\/reseauunderground.com\/en\/wp-json\/wp\/v2\/pages"}],"about":[{"href":"https:\/\/reseauunderground.com\/en\/wp-json\/wp\/v2\/types\/page"}],"author":[{"embeddable":true,"href":"https:\/\/reseauunderground.com\/en\/wp-json\/wp\/v2\/users\/1"}],"replies":[{"embeddable":true,"href":"https:\/\/reseauunderground.com\/en\/wp-json\/wp\/v2\/comments?post=10227"}],"version-history":[{"count":7,"href":"https:\/\/reseauunderground.com\/en\/wp-json\/wp\/v2\/pages\/10227\/revisions"}],"predecessor-version":[{"id":12087,"href":"https:\/\/reseauunderground.com\/en\/wp-json\/wp\/v2\/pages\/10227\/revisions\/12087"}],"wp:attachment":[{"href":"https:\/\/reseauunderground.com\/en\/wp-json\/wp\/v2\/media?parent=10227"}],"curies":[{"name":"wp","href":"https:\/\/api.w.org\/{rel}","templated":true}]}}