{"id":2925,"date":"2025-04-14T19:19:30","date_gmt":"2025-04-14T23:19:30","guid":{"rendered":"http:\/\/reseauunderground.com\/?page_id=2925"},"modified":"2026-01-03T03:31:17","modified_gmt":"2026-01-03T08:31:17","slug":"supprimer-mon-compte","status":"publish","type":"page","link":"https:\/\/reseauunderground.com\/en\/supprimer-mon-compte\/","title":{"rendered":"Delete my account"},"content":{"rendered":"\n<div style=\"height:20px\" aria-hidden=\"true\" class=\"wp-block-spacer\"><\/div>\n\n\n\n<p class=\"has-text-align-center\"><strong>Tu es sur le point de supprimer d\u00e9finitivement ton compte sur R\u00e9seau Underground.<\/strong><\/p>\n\n\n\n<p class=\"has-text-align-center\">Cette action est irr\u00e9versible.<\/p>\n\n\n\n<p class=\"has-text-align-center\">Pour <strong>valider la suppression,<\/strong> il te sera demand\u00e9 de confirmer ton mot de passe. <\/p>\n\n\n\n<p class=\"has-text-align-center\">Une fois valid\u00e9, ton compte sera supprim\u00e9 et tu seras dirig\u00e9 sur une page de <strong>Confirmation de suppression de compte<\/strong>.<\/p>\n\n\n\n<div style=\"height:30px\" aria-hidden=\"true\" class=\"wp-block-spacer\"><\/div>\n\n\n\n<div class=\"wp-block-columns is-layout-flex wp-container-core-columns-is-layout-9d6595d7 wp-block-columns-is-layout-flex\">\n<div class=\"wp-block-column is-layout-flow wp-block-column-is-layout-flow\" style=\"flex-basis:25%\"><\/div>\n\n\n\n<div class=\"wp-block-column is-layout-flow wp-block-column-is-layout-flow\" style=\"flex-basis:50%\"><p>[plugin_delete_me \/]<\/p>\n<\/div>\n\n\n\n<div class=\"wp-block-column is-layout-flow wp-block-column-is-layout-flow\" style=\"flex-basis:25%\"><\/div>\n<\/div>\n\n\n\n<div style=\"height:50px\" aria-hidden=\"true\" class=\"wp-block-spacer\"><\/div>\n","protected":false},"excerpt":{"rendered":"<p>Tu es sur le point de supprimer d\u00e9finitivement ton compte sur R\u00e9seau Underground. Cette action est irr\u00e9versible. Pour valider la suppression, il te sera demand\u00e9 de confirmer ton mot de passe. Une fois valid\u00e9, ton compte sera supprim\u00e9 et tu seras dirig\u00e9 sur une page de Confirmation de suppression de compte.<\/p>","protected":false},"author":1,"featured_media":3272,"parent":0,"menu_order":0,"comment_status":"closed","ping_status":"closed","template":"fluent-community-frame.php","meta":{"_acf_changed":false,"footnotes":""},"class_list":["post-2925","page","type-page","status-publish","has-post-thumbnail","hentry"],"acf":[],"_links":{"self":[{"href":"https:\/\/reseauunderground.com\/en\/wp-json\/wp\/v2\/pages\/2925","targetHints":{"allow":["GET"]}}],"collection":[{"href":"https:\/\/reseauunderground.com\/en\/wp-json\/wp\/v2\/pages"}],"about":[{"href":"https:\/\/reseauunderground.com\/en\/wp-json\/wp\/v2\/types\/page"}],"author":[{"embeddable":true,"href":"https:\/\/reseauunderground.com\/en\/wp-json\/wp\/v2\/users\/1"}],"replies":[{"embeddable":true,"href":"https:\/\/reseauunderground.com\/en\/wp-json\/wp\/v2\/comments?post=2925"}],"version-history":[{"count":5,"href":"https:\/\/reseauunderground.com\/en\/wp-json\/wp\/v2\/pages\/2925\/revisions"}],"predecessor-version":[{"id":12399,"href":"https:\/\/reseauunderground.com\/en\/wp-json\/wp\/v2\/pages\/2925\/revisions\/12399"}],"wp:featuredmedia":[{"embeddable":true,"href":"https:\/\/reseauunderground.com\/en\/wp-json\/wp\/v2\/media\/3272"}],"wp:attachment":[{"href":"https:\/\/reseauunderground.com\/en\/wp-json\/wp\/v2\/media?parent=2925"}],"curies":[{"name":"wp","href":"https:\/\/api.w.org\/{rel}","templated":true}]}}