{"id":8748,"date":"2025-09-27T18:54:42","date_gmt":"2025-09-27T22:54:42","guid":{"rendered":"http:\/\/reseauunderground.com\/?page_id=8748"},"modified":"2026-02-06T16:47:51","modified_gmt":"2026-02-06T21:47:51","slug":"entrevue-maghh","status":"publish","type":"page","link":"https:\/\/reseauunderground.com\/en\/entrevue-maghh\/","title":{"rendered":"Meet with Hip-Hop Magazine"},"content":{"rendered":"<div style=\"height:10px\" aria-hidden=\"true\" class=\"wp-block-spacer\"><\/div>\n\n\n<div class=\"trp-block-container\"><div class=\"trp-shortcode-switcher__wrapper\"\r\n     style=\"--bg:#e8e8e8;--bg-hover:#0000000d;--text:#143852;--text-hover:#1d2327;--border:1px solid #1438521a;--border-width:1px;--border-color:#1438521a;--border-radius:5px;--flag-radius:2px;--flag-size:18px;--aspect-ratio:4\/3;--font-size:14px;--transition-duration:0.2s\"\r\n     role=\"group\"\r\n     data-open-mode=\"click\">\r\n\r\n    \r\n        <!-- ANCHOR (in-flow only; sizing\/borders; inert) -->\r\n        <div class=\"trp-language-switcher trp-ls-dropdown trp-shortcode-switcher trp-shortcode-anchor trp-open-on-click\"\r\n             aria-hidden=\"true\"\r\n             inert\r\n data-no-translation>\r\n                <div class=\"trp-current-language-item__wrapper\">\r\n        <a class=\"trp-language-item trp-language-item__default trp-language-item__current\" data-no-translation href=\"https:\/\/reseauunderground.com\/en\/wp-json\/wp\/v2\/pages\/8748\" title=\"English\"><img decoding=\"async\" src=\"https:\/\/reseauunderground.com\/wp-content\/plugins\/translatepress-multilingual\/assets\/flags\/4x3\/en_US.svg\" class=\"trp-flag-image\" alt=\"\" role=\"presentation\" loading=\"lazy\" \/><span class=\"trp-language-item-name\">English<\/span><\/a>                    <svg class=\"trp-shortcode-arrow\" width=\"20\" height=\"20\" viewbox=\"0 0 20 21\" fill=\"none\" aria-hidden=\"true\" focusable=\"false\" xmlns=\"http:\/\/www.w3.org\/2000\/svg\">\r\n                <path d=\"M5 8L10 13L15 8\" stroke=\"var(--text)\" stroke-width=\"2\" stroke-linecap=\"round\" stroke-linejoin=\"round\"\/>\r\n            <\/svg>\r\n            <\/div>\r\n            <\/div>\r\n\r\n        <!-- OVERLAY (positioned; interactive surface) -->\r\n        <div class=\"trp-language-switcher trp-ls-dropdown trp-shortcode-switcher trp-shortcode-overlay trp-open-on-click\"\r\n             role=\"navigation\"\r\n             aria-label=\"Website language selector\"\r\n             data-no-translation\r\n>\r\n                <div class=\"trp-current-language-item__wrapper\">\r\n        <div class=\"trp-language-item trp-language-item__default trp-language-item__current\" data-no-translation role=\"button\" aria-expanded=\"false\" tabindex=\"0\" aria-label=\"Change language\" aria-controls=\"trp-shortcode-dropdown-69f2fc5d6990f\"><img decoding=\"async\" src=\"https:\/\/reseauunderground.com\/wp-content\/plugins\/translatepress-multilingual\/assets\/flags\/4x3\/en_US.svg\" class=\"trp-flag-image\" alt=\"\" role=\"presentation\" loading=\"lazy\" \/><span class=\"trp-language-item-name\">English<\/span><\/div>                    <svg class=\"trp-shortcode-arrow\" width=\"20\" height=\"20\" viewbox=\"0 0 20 21\" fill=\"none\" aria-hidden=\"true\" focusable=\"false\" xmlns=\"http:\/\/www.w3.org\/2000\/svg\">\r\n                <path d=\"M5 8L10 13L15 8\" stroke=\"var(--text)\" stroke-width=\"2\" stroke-linecap=\"round\" stroke-linejoin=\"round\"\/>\r\n            <\/svg>\r\n            <\/div>\r\n    \r\n            <div class=\"trp-switcher-dropdown-list\"\r\n                 id=\"trp-shortcode-dropdown-69f2fc5d6990f\"\r\n                 role=\"group\"\r\n                 aria-label=\"Available languages\"\r\n                 hidden\r\n inert\r\n>\r\n                                                            <a class=\"trp-language-item\" href=\"https:\/\/reseauunderground.com\/en\/wp-json\/wp\/v2\/pages\/8748\" title=\"French\">\r\n                            <img decoding=\"async\" src=\"https:\/\/reseauunderground.com\/wp-content\/plugins\/translatepress-multilingual\/assets\/flags\/4x3\/fr_CA.svg\" class=\"trp-flag-image\" alt=\"\" role=\"presentation\" loading=\"lazy\" \/>                                                            <span class=\"trp-language-item-name\" data-no-translation>French<\/span>\r\n                                                                                <\/a>\r\n                                                <\/div>\r\n        <\/div>\r\n\r\n    <\/div>\r\n<\/div>\n\n\n<div style=\"height:25px\" aria-hidden=\"true\" class=\"wp-block-spacer\"><\/div>\n\n\n\n<h2 class=\"wp-block-heading has-text-align-center has-large-font-size\"><strong>Choose the date of your interview<\/strong> !<\/h2>\n\n\n\n<p class=\"has-text-align-center\">You or your media manager have already spoken with one of the team members of <strong>Magazine Hip-Hop<\/strong>.<\/p>\n\n\n\n<p class=\"has-text-align-center\">All you have to do is select the time slot that suits you from our availability. This step officially confirms your interview, which will be used to produce your article.<\/p>\n\n\n\n<div style=\"height:16px\" aria-hidden=\"true\" class=\"wp-block-spacer\"><\/div>\n\n\n<div class=\"fcal_cal_wrap fcal-light-mode\">\n    <div class=\"fluent_booking_app\" data-calendar_id=\"2\"\n         data-event_id=\"2\"><\/div>\n    <\/div>\n\n<style>\n    .fcal_phone_wrapper .flag {\n        background: url(https:\/\/reseauunderground.com\/wp-content\/plugins\/fluent-booking\/assets\/images\/flags_responsive.png) no-repeat;\n        background-size: 100%;\n    }\n<\/style>\n\n\n\n\n<div style=\"height:30px\" aria-hidden=\"true\" class=\"wp-block-spacer\"><\/div>","protected":false},"excerpt":{"rendered":"<p>Choisissez la date de votre entrevue ! Vous ou votre responsable des m\u00e9dias avez d\u00e9j\u00e0 \u00e9chang\u00e9 avec l\u2019un des membres de l&rsquo;\u00e9quipe de Magazine Hip-Hop. Il ne vous reste plus qu\u2019\u00e0 s\u00e9lectionner la plage horaire qui vous convient parmi nos disponibilit\u00e9s. Cette \u00e9tape confirme officiellement votre entrevue, qui servira \u00e0 la r\u00e9alisation de votre article.<\/p>","protected":false},"author":1,"featured_media":5789,"parent":0,"menu_order":0,"comment_status":"closed","ping_status":"closed","template":"page-fullwidth.php","meta":{"_acf_changed":false,"footnotes":""},"class_list":["post-8748","page","type-page","status-publish","has-post-thumbnail","hentry"],"acf":[],"_links":{"self":[{"href":"https:\/\/reseauunderground.com\/en\/wp-json\/wp\/v2\/pages\/8748","targetHints":{"allow":["GET"]}}],"collection":[{"href":"https:\/\/reseauunderground.com\/en\/wp-json\/wp\/v2\/pages"}],"about":[{"href":"https:\/\/reseauunderground.com\/en\/wp-json\/wp\/v2\/types\/page"}],"author":[{"embeddable":true,"href":"https:\/\/reseauunderground.com\/en\/wp-json\/wp\/v2\/users\/1"}],"replies":[{"embeddable":true,"href":"https:\/\/reseauunderground.com\/en\/wp-json\/wp\/v2\/comments?post=8748"}],"version-history":[{"count":12,"href":"https:\/\/reseauunderground.com\/en\/wp-json\/wp\/v2\/pages\/8748\/revisions"}],"predecessor-version":[{"id":12687,"href":"https:\/\/reseauunderground.com\/en\/wp-json\/wp\/v2\/pages\/8748\/revisions\/12687"}],"wp:featuredmedia":[{"embeddable":true,"href":"https:\/\/reseauunderground.com\/en\/wp-json\/wp\/v2\/media\/5789"}],"wp:attachment":[{"href":"https:\/\/reseauunderground.com\/en\/wp-json\/wp\/v2\/media?parent=8748"}],"curies":[{"name":"wp","href":"https:\/\/api.w.org\/{rel}","templated":true}]}}